{"id":56,"date":"2018-08-15T14:14:16","date_gmt":"2018-08-15T14:14:16","guid":{"rendered":"https:\/\/www.tranzbag.com\/?page_id=56"},"modified":"2019-11-28T17:27:50","modified_gmt":"2019-11-28T16:27:50","slug":"mentions-legales","status":"publish","type":"page","link":"https:\/\/www.tranzbag.com\/fr\/mentions-legales\/","title":{"rendered":"Mentions l\u00e9gales"},"content":{"rendered":"<p style=\"text-align: center;\"><a href=\"http:\/\/tranzbag.com\/\">TranZbag.com est<\/a> une soci\u00e9t\u00e9 du groupe REPAPER Consulting.<br \/>\nDirection g\u00e9n\u00e9rale : Bendicht Luginbuehl, Directeur G\u00e9n\u00e9ral &amp; Partner. www.<a href=\"http:\/\/www.repaper.ch\/\">repaper.ch<\/a><\/p>\n","protected":false},"excerpt":{"rendered":"<p>TranZbag.com est une soci\u00e9t\u00e9 du groupe REPAPER Consulting. Direction g\u00e9n\u00e9rale : Bendicht Luginbuehl, Directeur G\u00e9n\u00e9ral &amp; Partner. www.repaper.ch<\/p>\n","protected":false},"author":3,"featured_media":0,"parent":0,"menu_order":0,"comment_status":"closed","ping_status":"open","template":"","meta":{"_genesis_hide_title":false,"_genesis_hide_breadcrumbs":false,"_genesis_hide_singular_image":false,"_genesis_hide_footer_widgets":false,"_genesis_custom_body_class":"","_genesis_custom_post_class":"","_genesis_layout":"","footnotes":""},"class_list":{"0":"post-56","1":"page","2":"type-page","3":"status-publish","5":"entry"},"acf":[],"yoast_head":"<!-- This site is optimized with the Yoast SEO Premium plugin v20.13 (Yoast SEO v22.2) - https:\/\/yoast.com\/wordpress\/plugins\/seo\/ -->\n<title>Mentions l\u00e9gales - TranZbag<\/title>\n<meta name=\"robots\" content=\"index, follow, max-snippet:-1, max-image-preview:large, max-video-preview:-1\" \/>\n<link rel=\"canonical\" href=\"https:\/\/www.tranzbag.com\/fr\/mentions-legales\/\" \/>\n<meta property=\"og:locale\" content=\"fr_FR\" \/>\n<meta property=\"og:type\" content=\"article\" \/>\n<meta property=\"og:title\" content=\"Mentions l\u00e9gales\" \/>\n<meta property=\"og:description\" content=\"TranZbag.com est une soci\u00e9t\u00e9 du groupe REPAPER Consulting. Direction g\u00e9n\u00e9rale : Bendicht Luginbuehl, Directeur G\u00e9n\u00e9ral &amp; Partner. www.repaper.ch\" \/>\n<meta property=\"og:url\" content=\"https:\/\/www.tranzbag.com\/fr\/mentions-legales\/\" \/>\n<meta property=\"og:site_name\" content=\"TranZbag\" \/>\n<meta property=\"article:publisher\" content=\"https:\/\/www.facebook.com\/tranzbag\" \/>\n<meta property=\"article:modified_time\" content=\"2019-11-28T16:27:50+00:00\" \/>\n<meta name=\"twitter:card\" content=\"summary_large_image\" \/>\n<script type=\"application\/ld+json\" class=\"yoast-schema-graph\">{\"@context\":\"https:\/\/schema.org\",\"@graph\":[{\"@type\":\"WebPage\",\"@id\":\"https:\/\/www.tranzbag.com\/fr\/mentions-legales\/\",\"url\":\"https:\/\/www.tranzbag.com\/fr\/mentions-legales\/\",\"name\":\"Mentions l\u00e9gales - TranZbag\",\"isPartOf\":{\"@id\":\"https:\/\/www.tranzbag.com\/it\/#website\"},\"datePublished\":\"2018-08-15T14:14:16+00:00\",\"dateModified\":\"2019-11-28T16:27:50+00:00\",\"breadcrumb\":{\"@id\":\"https:\/\/www.tranzbag.com\/fr\/mentions-legales\/#breadcrumb\"},\"inLanguage\":\"fr-FR\",\"potentialAction\":[{\"@type\":\"ReadAction\",\"target\":[\"https:\/\/www.tranzbag.com\/fr\/mentions-legales\/\"]}]},{\"@type\":\"BreadcrumbList\",\"@id\":\"https:\/\/www.tranzbag.com\/fr\/mentions-legales\/#breadcrumb\",\"itemListElement\":[{\"@type\":\"ListItem\",\"position\":1,\"name\":\"Startseite\",\"item\":\"https:\/\/www.tranzbag.com\/fr\/\"},{\"@type\":\"ListItem\",\"position\":2,\"name\":\"Mentions l\u00e9gales\"}]},{\"@type\":\"WebSite\",\"@id\":\"https:\/\/www.tranzbag.com\/it\/#website\",\"url\":\"https:\/\/www.tranzbag.com\/it\/\",\"name\":\"TranZbag\",\"description\":\"Die Original Velo-Transporttasche f\u00fcr Rennrad, Mountainbike oder Alltagsrad\",\"publisher\":{\"@id\":\"https:\/\/www.tranzbag.com\/it\/#organization\"},\"potentialAction\":[{\"@type\":\"SearchAction\",\"target\":{\"@type\":\"EntryPoint\",\"urlTemplate\":\"https:\/\/www.tranzbag.com\/it\/?s={search_term_string}\"},\"query-input\":\"required name=search_term_string\"}],\"inLanguage\":\"fr-FR\"},{\"@type\":\"Organization\",\"@id\":\"https:\/\/www.tranzbag.com\/it\/#organization\",\"name\":\"TranZbag\",\"url\":\"https:\/\/www.tranzbag.com\/it\/\",\"logo\":{\"@type\":\"ImageObject\",\"inLanguage\":\"fr-FR\",\"@id\":\"https:\/\/www.tranzbag.com\/it\/#\/schema\/logo\/image\/\",\"url\":\"https:\/\/www.tranzbag.com\/wp-content\/uploads\/2018\/08\/logo_small.jpg\",\"contentUrl\":\"https:\/\/www.tranzbag.com\/wp-content\/uploads\/2018\/08\/logo_small.jpg\",\"width\":122,\"height\":42,\"caption\":\"TranZbag\"},\"image\":{\"@id\":\"https:\/\/www.tranzbag.com\/it\/#\/schema\/logo\/image\/\"},\"sameAs\":[\"https:\/\/www.facebook.com\/tranzbag\"]}]}<\/script>\n<!-- \/ Yoast SEO Premium plugin. -->","yoast_head_json":{"title":"Mentions l\u00e9gales - TranZbag","robots":{"index":"index","follow":"follow","max-snippet":"max-snippet:-1","max-image-preview":"max-image-preview:large","max-video-preview":"max-video-preview:-1"},"canonical":"https:\/\/www.tranzbag.com\/fr\/mentions-legales\/","og_locale":"fr_FR","og_type":"article","og_title":"Mentions l\u00e9gales","og_description":"TranZbag.com est une soci\u00e9t\u00e9 du groupe REPAPER Consulting. Direction g\u00e9n\u00e9rale : Bendicht Luginbuehl, Directeur G\u00e9n\u00e9ral &amp; Partner. www.repaper.ch","og_url":"https:\/\/www.tranzbag.com\/fr\/mentions-legales\/","og_site_name":"TranZbag","article_publisher":"https:\/\/www.facebook.com\/tranzbag","article_modified_time":"2019-11-28T16:27:50+00:00","twitter_card":"summary_large_image","schema":{"@context":"https:\/\/schema.org","@graph":[{"@type":"WebPage","@id":"https:\/\/www.tranzbag.com\/fr\/mentions-legales\/","url":"https:\/\/www.tranzbag.com\/fr\/mentions-legales\/","name":"Mentions l\u00e9gales - TranZbag","isPartOf":{"@id":"https:\/\/www.tranzbag.com\/it\/#website"},"datePublished":"2018-08-15T14:14:16+00:00","dateModified":"2019-11-28T16:27:50+00:00","breadcrumb":{"@id":"https:\/\/www.tranzbag.com\/fr\/mentions-legales\/#breadcrumb"},"inLanguage":"fr-FR","potentialAction":[{"@type":"ReadAction","target":["https:\/\/www.tranzbag.com\/fr\/mentions-legales\/"]}]},{"@type":"BreadcrumbList","@id":"https:\/\/www.tranzbag.com\/fr\/mentions-legales\/#breadcrumb","itemListElement":[{"@type":"ListItem","position":1,"name":"Startseite","item":"https:\/\/www.tranzbag.com\/fr\/"},{"@type":"ListItem","position":2,"name":"Mentions l\u00e9gales"}]},{"@type":"WebSite","@id":"https:\/\/www.tranzbag.com\/it\/#website","url":"https:\/\/www.tranzbag.com\/it\/","name":"TranZbag","description":"Die Original Velo-Transporttasche f\u00fcr Rennrad, Mountainbike oder Alltagsrad","publisher":{"@id":"https:\/\/www.tranzbag.com\/it\/#organization"},"potentialAction":[{"@type":"SearchAction","target":{"@type":"EntryPoint","urlTemplate":"https:\/\/www.tranzbag.com\/it\/?s={search_term_string}"},"query-input":"required name=search_term_string"}],"inLanguage":"fr-FR"},{"@type":"Organization","@id":"https:\/\/www.tranzbag.com\/it\/#organization","name":"TranZbag","url":"https:\/\/www.tranzbag.com\/it\/","logo":{"@type":"ImageObject","inLanguage":"fr-FR","@id":"https:\/\/www.tranzbag.com\/it\/#\/schema\/logo\/image\/","url":"https:\/\/www.tranzbag.com\/wp-content\/uploads\/2018\/08\/logo_small.jpg","contentUrl":"https:\/\/www.tranzbag.com\/wp-content\/uploads\/2018\/08\/logo_small.jpg","width":122,"height":42,"caption":"TranZbag"},"image":{"@id":"https:\/\/www.tranzbag.com\/it\/#\/schema\/logo\/image\/"},"sameAs":["https:\/\/www.facebook.com\/tranzbag"]}]}},"_links":{"self":[{"href":"https:\/\/www.tranzbag.com\/fr\/wp-json\/wp\/v2\/pages\/56","targetHints":{"allow":["GET"]}}],"collection":[{"href":"https:\/\/www.tranzbag.com\/fr\/wp-json\/wp\/v2\/pages"}],"about":[{"href":"https:\/\/www.tranzbag.com\/fr\/wp-json\/wp\/v2\/types\/page"}],"author":[{"embeddable":true,"href":"https:\/\/www.tranzbag.com\/fr\/wp-json\/wp\/v2\/users\/3"}],"replies":[{"embeddable":true,"href":"https:\/\/www.tranzbag.com\/fr\/wp-json\/wp\/v2\/comments?post=56"}],"version-history":[{"count":0,"href":"https:\/\/www.tranzbag.com\/fr\/wp-json\/wp\/v2\/pages\/56\/revisions"}],"wp:attachment":[{"href":"https:\/\/www.tranzbag.com\/fr\/wp-json\/wp\/v2\/media?parent=56"}],"curies":[{"name":"wp","href":"https:\/\/api.w.org\/{rel}","templated":true}]}}