{"id":4009,"date":"2019-06-28T09:57:16","date_gmt":"2019-06-28T08:57:16","guid":{"rendered":"https:\/\/www.tranzbag.com\/products\/tranzbag-e-velo\/"},"modified":"2019-08-28T15:23:12","modified_gmt":"2019-08-28T14:23:12","slug":"tranzbag-e-velo","status":"publish","type":"product","link":"https:\/\/www.tranzbag.com\/fr\/products\/tranzbag-e-velo\/","title":{"rendered":"TranZbag E-VELO"},"excerpt":{"rendered":"<p>Tranzbag E-VELO. Sac pliable pour le transport de v\u00e9los \u00e9lectriques et de v\u00e9los \u00e9lectriques pour la voiture et les transports en commun. Compact, extra robuste, pliable. Capacit\u00e9 de levage de <br \/>\n70 kg. Convient aux roues 26\u2033 et aux roues de plus de 29 pouces. Tranzbag E-VELO poss\u00e8de de grandes g\u00e9om\u00e9tries. Tranzbag E-VELO convient pour le rangement des v\u00e9los dans les chambres d&rsquo;h\u00f4tel. <br \/>\n<img decoding=\"async\" class=\"alignright size-full wp-image-3968\" src=\"https:\/\/www.tranzbag.com\/wp-content\/uploads\/2019\/06\/E-Bike.png\" alt=\"E-Velo Piktogramm\" width=\"85\" height=\"42\" srcset=\"https:\/\/www.tranzbag.com\/wp-content\/uploads\/2019\/06\/E-Bike.png 85w, https:\/\/www.tranzbag.com\/wp-content\/uploads\/2019\/06\/E-Bike-24x12.png 24w, https:\/\/www.tranzbag.com\/wp-content\/uploads\/2019\/06\/E-Bike-36x18.png 36w, https:\/\/www.tranzbag.com\/wp-content\/uploads\/2019\/06\/E-Bike-48x24.png 48w\" sizes=\"(max-width: 85px) 100vw, 85px\" \/><img decoding=\"async\" class=\"alignright  wp-image-3972\" src=\"https:\/\/www.tranzbag.com\/wp-content\/uploads\/2019\/06\/E-Bike2.png\" alt=\"E-Bike Piktogramm\" width=\"85\" height=\"42\" srcset=\"https:\/\/www.tranzbag.com\/wp-content\/uploads\/2019\/06\/E-Bike2.png 85w, https:\/\/www.tranzbag.com\/wp-content\/uploads\/2019\/06\/E-Bike2-24x12.png 24w, https:\/\/www.tranzbag.com\/wp-content\/uploads\/2019\/06\/E-Bike2-36x18.png 36w, https:\/\/www.tranzbag.com\/wp-content\/uploads\/2019\/06\/E-Bike2-48x24.png 48w\" sizes=\"(max-width: 85px) 100vw, 85px\" \/><\/p>\n","protected":false},"featured_media":3942,"template":"","meta":{"_genesis_hide_title":false,"_genesis_hide_breadcrumbs":false,"_genesis_hide_singular_image":false,"_genesis_hide_footer_widgets":false,"_genesis_custom_body_class":"","_genesis_custom_post_class":"","_genesis_layout":""},"product_cat":[16],"product_tag":[],"class_list":{"0":"post-4009","1":"product","2":"type-product","3":"status-publish","4":"has-post-thumbnail","6":"product_cat-tranzbag","7":"entry"},"acf":[],"yoast_head":"<!-- This site is optimized with the Yoast SEO Premium plugin v20.13 (Yoast SEO v22.2) - https:\/\/yoast.com\/wordpress\/plugins\/seo\/ -->\n<title>TranZbag E-VELO | Transportiert alle Typen von Elektro-Fahrr\u00e4dern. \ud83d\udeb2\ud83d\ude85<\/title>\n<meta name=\"description\" content=\"Gratis Transport im Zug \u2705 H\u00f6chste Tragkraft \u2705 Extra-robust \u2705 Faltbare Elektrovelo-Transporttasche \u2705 Sichern Sie sich jetzt Ihre eigene Tranzbag-Transporttasche \u260e 044 245 45 39%\" \/>\n<meta name=\"robots\" content=\"index, follow, max-snippet:-1, max-image-preview:large, max-video-preview:-1\" \/>\n<link rel=\"canonical\" href=\"https:\/\/www.tranzbag.com\/fr\/products\/tranzbag-e-velo\/\" \/>\n<meta property=\"og:locale\" content=\"fr_FR\" \/>\n<meta property=\"og:type\" content=\"article\" \/>\n<meta property=\"og:title\" content=\"TranZbag E-VELO\" \/>\n<meta property=\"og:description\" content=\"Gratis Transport im Zug \u2705 H\u00f6chste Tragkraft \u2705 Extra-robust \u2705 Faltbare Elektrovelo-Transporttasche \u2705 Sichern Sie sich jetzt Ihre eigene Tranzbag-Transporttasche \u260e 044 245 45 39%\" \/>\n<meta property=\"og:url\" content=\"https:\/\/www.tranzbag.com\/fr\/products\/tranzbag-e-velo\/\" \/>\n<meta property=\"og:site_name\" content=\"TranZbag\" \/>\n<meta property=\"article:publisher\" content=\"https:\/\/www.facebook.com\/tranzbag\" \/>\n<meta property=\"article:modified_time\" content=\"2019-08-28T14:23:12+00:00\" \/>\n<meta property=\"og:image\" content=\"https:\/\/www.tranzbag.com\/wp-content\/uploads\/2019\/06\/Tranzbag-E-VELO-verpackt.png\" \/>\n\t<meta property=\"og:image:width\" content=\"701\" \/>\n\t<meta property=\"og:image:height\" content=\"340\" \/>\n\t<meta property=\"og:image:type\" content=\"image\/png\" \/>\n<meta name=\"twitter:card\" content=\"summary_large_image\" \/>\n<script type=\"application\/ld+json\" class=\"yoast-schema-graph\">{\"@context\":\"https:\/\/schema.org\",\"@graph\":[{\"@type\":\"WebPage\",\"@id\":\"https:\/\/www.tranzbag.com\/fr\/products\/tranzbag-e-velo\/\",\"url\":\"https:\/\/www.tranzbag.com\/fr\/products\/tranzbag-e-velo\/\",\"name\":\"TranZbag E-VELO | Transportiert alle Typen von Elektro-Fahrr\u00e4dern. \ud83d\udeb2\ud83d\ude85\",\"isPartOf\":{\"@id\":\"https:\/\/www.tranzbag.com\/it\/#website\"},\"primaryImageOfPage\":{\"@id\":\"https:\/\/www.tranzbag.com\/fr\/products\/tranzbag-e-velo\/#primaryimage\"},\"image\":{\"@id\":\"https:\/\/www.tranzbag.com\/fr\/products\/tranzbag-e-velo\/#primaryimage\"},\"thumbnailUrl\":\"https:\/\/www.tranzbag.com\/wp-content\/uploads\/2019\/06\/Tranzbag-E-VELO-verpackt.png\",\"datePublished\":\"2019-06-28T08:57:16+00:00\",\"dateModified\":\"2019-08-28T14:23:12+00:00\",\"description\":\"Gratis Transport im Zug \u2705 H\u00f6chste Tragkraft \u2705 Extra-robust \u2705 Faltbare Elektrovelo-Transporttasche \u2705 Sichern Sie sich jetzt Ihre eigene Tranzbag-Transporttasche \u260e 044 245 45 39%\",\"breadcrumb\":{\"@id\":\"https:\/\/www.tranzbag.com\/fr\/products\/tranzbag-e-velo\/#breadcrumb\"},\"inLanguage\":\"fr-FR\",\"potentialAction\":[{\"@type\":\"ReadAction\",\"target\":[\"https:\/\/www.tranzbag.com\/fr\/products\/tranzbag-e-velo\/\"]}]},{\"@type\":\"ImageObject\",\"inLanguage\":\"fr-FR\",\"@id\":\"https:\/\/www.tranzbag.com\/fr\/products\/tranzbag-e-velo\/#primaryimage\",\"url\":\"https:\/\/www.tranzbag.com\/wp-content\/uploads\/2019\/06\/Tranzbag-E-VELO-verpackt.png\",\"contentUrl\":\"https:\/\/www.tranzbag.com\/wp-content\/uploads\/2019\/06\/Tranzbag-E-VELO-verpackt.png\",\"width\":701,\"height\":340,\"caption\":\"Tranzbag-E-VELO-verpackt\"},{\"@type\":\"BreadcrumbList\",\"@id\":\"https:\/\/www.tranzbag.com\/fr\/products\/tranzbag-e-velo\/#breadcrumb\",\"itemListElement\":[{\"@type\":\"ListItem\",\"position\":1,\"name\":\"Startseite\",\"item\":\"https:\/\/www.tranzbag.com\/fr\/\"},{\"@type\":\"ListItem\",\"position\":2,\"name\":\"Shop\",\"item\":\"https:\/\/www.tranzbag.com\/fr\/shop\/\"},{\"@type\":\"ListItem\",\"position\":3,\"name\":\"TranZbag E-VELO\"}]},{\"@type\":\"WebSite\",\"@id\":\"https:\/\/www.tranzbag.com\/it\/#website\",\"url\":\"https:\/\/www.tranzbag.com\/it\/\",\"name\":\"TranZbag\",\"description\":\"Die Original Velo-Transporttasche f\u00fcr Rennrad, Mountainbike oder Alltagsrad\",\"publisher\":{\"@id\":\"https:\/\/www.tranzbag.com\/it\/#organization\"},\"potentialAction\":[{\"@type\":\"SearchAction\",\"target\":{\"@type\":\"EntryPoint\",\"urlTemplate\":\"https:\/\/www.tranzbag.com\/it\/?s={search_term_string}\"},\"query-input\":\"required name=search_term_string\"}],\"inLanguage\":\"fr-FR\"},{\"@type\":\"Organization\",\"@id\":\"https:\/\/www.tranzbag.com\/it\/#organization\",\"name\":\"TranZbag\",\"url\":\"https:\/\/www.tranzbag.com\/it\/\",\"logo\":{\"@type\":\"ImageObject\",\"inLanguage\":\"fr-FR\",\"@id\":\"https:\/\/www.tranzbag.com\/it\/#\/schema\/logo\/image\/\",\"url\":\"https:\/\/www.tranzbag.com\/wp-content\/uploads\/2018\/08\/logo_small.jpg\",\"contentUrl\":\"https:\/\/www.tranzbag.com\/wp-content\/uploads\/2018\/08\/logo_small.jpg\",\"width\":122,\"height\":42,\"caption\":\"TranZbag\"},\"image\":{\"@id\":\"https:\/\/www.tranzbag.com\/it\/#\/schema\/logo\/image\/\"},\"sameAs\":[\"https:\/\/www.facebook.com\/tranzbag\"]}]}<\/script>\n<!-- \/ Yoast SEO Premium plugin. -->","yoast_head_json":{"title":"TranZbag E-VELO | Transportiert alle Typen von Elektro-Fahrr\u00e4dern. \ud83d\udeb2\ud83d\ude85","description":"Gratis Transport im Zug \u2705 H\u00f6chste Tragkraft \u2705 Extra-robust \u2705 Faltbare Elektrovelo-Transporttasche \u2705 Sichern Sie sich jetzt Ihre eigene Tranzbag-Transporttasche \u260e 044 245 45 39%","robots":{"index":"index","follow":"follow","max-snippet":"max-snippet:-1","max-image-preview":"max-image-preview:large","max-video-preview":"max-video-preview:-1"},"canonical":"https:\/\/www.tranzbag.com\/fr\/products\/tranzbag-e-velo\/","og_locale":"fr_FR","og_type":"article","og_title":"TranZbag E-VELO","og_description":"Gratis Transport im Zug \u2705 H\u00f6chste Tragkraft \u2705 Extra-robust \u2705 Faltbare Elektrovelo-Transporttasche \u2705 Sichern Sie sich jetzt Ihre eigene Tranzbag-Transporttasche \u260e 044 245 45 39%","og_url":"https:\/\/www.tranzbag.com\/fr\/products\/tranzbag-e-velo\/","og_site_name":"TranZbag","article_publisher":"https:\/\/www.facebook.com\/tranzbag","article_modified_time":"2019-08-28T14:23:12+00:00","og_image":[{"width":701,"height":340,"url":"https:\/\/www.tranzbag.com\/wp-content\/uploads\/2019\/06\/Tranzbag-E-VELO-verpackt.png","type":"image\/png"}],"twitter_card":"summary_large_image","schema":{"@context":"https:\/\/schema.org","@graph":[{"@type":"WebPage","@id":"https:\/\/www.tranzbag.com\/fr\/products\/tranzbag-e-velo\/","url":"https:\/\/www.tranzbag.com\/fr\/products\/tranzbag-e-velo\/","name":"TranZbag E-VELO | Transportiert alle Typen von Elektro-Fahrr\u00e4dern. \ud83d\udeb2\ud83d\ude85","isPartOf":{"@id":"https:\/\/www.tranzbag.com\/it\/#website"},"primaryImageOfPage":{"@id":"https:\/\/www.tranzbag.com\/fr\/products\/tranzbag-e-velo\/#primaryimage"},"image":{"@id":"https:\/\/www.tranzbag.com\/fr\/products\/tranzbag-e-velo\/#primaryimage"},"thumbnailUrl":"https:\/\/www.tranzbag.com\/wp-content\/uploads\/2019\/06\/Tranzbag-E-VELO-verpackt.png","datePublished":"2019-06-28T08:57:16+00:00","dateModified":"2019-08-28T14:23:12+00:00","description":"Gratis Transport im Zug \u2705 H\u00f6chste Tragkraft \u2705 Extra-robust \u2705 Faltbare Elektrovelo-Transporttasche \u2705 Sichern Sie sich jetzt Ihre eigene Tranzbag-Transporttasche \u260e 044 245 45 39%","breadcrumb":{"@id":"https:\/\/www.tranzbag.com\/fr\/products\/tranzbag-e-velo\/#breadcrumb"},"inLanguage":"fr-FR","potentialAction":[{"@type":"ReadAction","target":["https:\/\/www.tranzbag.com\/fr\/products\/tranzbag-e-velo\/"]}]},{"@type":"ImageObject","inLanguage":"fr-FR","@id":"https:\/\/www.tranzbag.com\/fr\/products\/tranzbag-e-velo\/#primaryimage","url":"https:\/\/www.tranzbag.com\/wp-content\/uploads\/2019\/06\/Tranzbag-E-VELO-verpackt.png","contentUrl":"https:\/\/www.tranzbag.com\/wp-content\/uploads\/2019\/06\/Tranzbag-E-VELO-verpackt.png","width":701,"height":340,"caption":"Tranzbag-E-VELO-verpackt"},{"@type":"BreadcrumbList","@id":"https:\/\/www.tranzbag.com\/fr\/products\/tranzbag-e-velo\/#breadcrumb","itemListElement":[{"@type":"ListItem","position":1,"name":"Startseite","item":"https:\/\/www.tranzbag.com\/fr\/"},{"@type":"ListItem","position":2,"name":"Shop","item":"https:\/\/www.tranzbag.com\/fr\/shop\/"},{"@type":"ListItem","position":3,"name":"TranZbag E-VELO"}]},{"@type":"WebSite","@id":"https:\/\/www.tranzbag.com\/it\/#website","url":"https:\/\/www.tranzbag.com\/it\/","name":"TranZbag","description":"Die Original Velo-Transporttasche f\u00fcr Rennrad, Mountainbike oder Alltagsrad","publisher":{"@id":"https:\/\/www.tranzbag.com\/it\/#organization"},"potentialAction":[{"@type":"SearchAction","target":{"@type":"EntryPoint","urlTemplate":"https:\/\/www.tranzbag.com\/it\/?s={search_term_string}"},"query-input":"required name=search_term_string"}],"inLanguage":"fr-FR"},{"@type":"Organization","@id":"https:\/\/www.tranzbag.com\/it\/#organization","name":"TranZbag","url":"https:\/\/www.tranzbag.com\/it\/","logo":{"@type":"ImageObject","inLanguage":"fr-FR","@id":"https:\/\/www.tranzbag.com\/it\/#\/schema\/logo\/image\/","url":"https:\/\/www.tranzbag.com\/wp-content\/uploads\/2018\/08\/logo_small.jpg","contentUrl":"https:\/\/www.tranzbag.com\/wp-content\/uploads\/2018\/08\/logo_small.jpg","width":122,"height":42,"caption":"TranZbag"},"image":{"@id":"https:\/\/www.tranzbag.com\/it\/#\/schema\/logo\/image\/"},"sameAs":["https:\/\/www.facebook.com\/tranzbag"]}]}},"_links":{"self":[{"href":"https:\/\/www.tranzbag.com\/fr\/wp-json\/wp\/v2\/product\/4009","targetHints":{"allow":["GET"]}}],"collection":[{"href":"https:\/\/www.tranzbag.com\/fr\/wp-json\/wp\/v2\/product"}],"about":[{"href":"https:\/\/www.tranzbag.com\/fr\/wp-json\/wp\/v2\/types\/product"}],"wp:featuredmedia":[{"embeddable":true,"href":"https:\/\/www.tranzbag.com\/fr\/wp-json\/wp\/v2\/media\/3942"}],"wp:attachment":[{"href":"https:\/\/www.tranzbag.com\/fr\/wp-json\/wp\/v2\/media?parent=4009"}],"wp:term":[{"taxonomy":"product_cat","embeddable":true,"href":"https:\/\/www.tranzbag.com\/fr\/wp-json\/wp\/v2\/product_cat?post=4009"},{"taxonomy":"product_tag","embeddable":true,"href":"https:\/\/www.tranzbag.com\/fr\/wp-json\/wp\/v2\/product_tag?post=4009"}],"curies":[{"name":"wp","href":"https:\/\/api.w.org\/{rel}","templated":true}]}}