{"id":355,"date":"2018-08-16T08:10:23","date_gmt":"2018-08-16T08:10:23","guid":{"rendered":"https:\/\/www.tranzbag.com\/startseite\/"},"modified":"2019-08-14T09:33:09","modified_gmt":"2019-08-14T08:33:09","slug":"inizio","status":"publish","type":"page","link":"https:\/\/www.tranzbag.com\/it\/","title":{"rendered":"HOME:"},"content":{"rendered":"","protected":false},"excerpt":{"rendered":"","protected":false},"author":3,"featured_media":0,"parent":0,"menu_order":0,"comment_status":"closed","ping_status":"closed","template":"","meta":{"_genesis_hide_title":false,"_genesis_hide_breadcrumbs":false,"_genesis_hide_singular_image":false,"_genesis_hide_footer_widgets":false,"_genesis_custom_body_class":"","_genesis_custom_post_class":"","_genesis_layout":"","footnotes":""},"class_list":{"0":"post-355","1":"page","2":"type-page","3":"status-publish","5":"entry","6":"has-post-thumbnail"},"acf":[],"yoast_head":"<!-- This site is optimized with the Yoast SEO Premium plugin v20.13 (Yoast SEO v22.2) - https:\/\/yoast.com\/wordpress\/plugins\/seo\/ -->\n<title>TranZbag - TranZbag \u00e8 un sistema di trasporto per biciclette<\/title>\n<meta name=\"description\" content=\"Il nuovo TranZbag Pro \u00e8 piccolo, leggero e facile da utilizzare. Attraverso l&#039;uso di materiali pi\u00f9 leggeri e pi\u00f9 robusti si soddisfano maggiormente le esigenze di trasporto della clientela che utilizza la bicicletta.\" \/>\n<meta name=\"robots\" content=\"index, follow, max-snippet:-1, max-image-preview:large, max-video-preview:-1\" \/>\n<link rel=\"canonical\" href=\"https:\/\/www.tranzbag.com\/it\/\" \/>\n<meta property=\"og:locale\" content=\"it_IT\" \/>\n<meta property=\"og:type\" content=\"article\" \/>\n<meta property=\"og:title\" content=\"HOME:\" \/>\n<meta property=\"og:description\" content=\"Il nuovo TranZbag Pro \u00e8 piccolo, leggero e facile da utilizzare. Attraverso l&#039;uso di materiali pi\u00f9 leggeri e pi\u00f9 robusti si soddisfano maggiormente le esigenze di trasporto della clientela che utilizza la bicicletta.\" \/>\n<meta property=\"og:url\" content=\"https:\/\/www.tranzbag.com\/it\/\" \/>\n<meta property=\"og:site_name\" content=\"TranZbag\" \/>\n<meta property=\"article:publisher\" content=\"https:\/\/www.facebook.com\/tranzbag\" \/>\n<meta property=\"article:modified_time\" content=\"2019-08-14T08:33:09+00:00\" \/>\n<meta name=\"twitter:card\" content=\"summary_large_image\" \/>\n<script type=\"application\/ld+json\" class=\"yoast-schema-graph\">{\"@context\":\"https:\/\/schema.org\",\"@graph\":[{\"@type\":\"WebPage\",\"@id\":\"https:\/\/www.tranzbag.com\/it\/\",\"url\":\"https:\/\/www.tranzbag.com\/it\/\",\"name\":\"TranZbag - TranZbag \u00e8 un sistema di trasporto per biciclette\",\"isPartOf\":{\"@id\":\"https:\/\/www.tranzbag.com\/it\/#website\"},\"datePublished\":\"2018-08-16T08:10:23+00:00\",\"dateModified\":\"2019-08-14T08:33:09+00:00\",\"description\":\"Il nuovo TranZbag Pro \u00e8 piccolo, leggero e facile da utilizzare. Attraverso l'uso di materiali pi\u00f9 leggeri e pi\u00f9 robusti si soddisfano maggiormente le esigenze di trasporto della clientela che utilizza la bicicletta.\",\"breadcrumb\":{\"@id\":\"https:\/\/www.tranzbag.com\/it\/#breadcrumb\"},\"inLanguage\":\"it-IT\",\"potentialAction\":[{\"@type\":\"ReadAction\",\"target\":[\"https:\/\/www.tranzbag.com\/it\/\"]}]},{\"@type\":\"BreadcrumbList\",\"@id\":\"https:\/\/www.tranzbag.com\/it\/#breadcrumb\",\"itemListElement\":[{\"@type\":\"ListItem\",\"position\":1,\"name\":\"Startseite\",\"item\":\"https:\/\/www.tranzbag.com\/it\/\"},{\"@type\":\"ListItem\",\"position\":2,\"name\":\"HOME:\"}]},{\"@type\":\"WebSite\",\"@id\":\"https:\/\/www.tranzbag.com\/it\/#website\",\"url\":\"https:\/\/www.tranzbag.com\/it\/\",\"name\":\"TranZbag\",\"description\":\"Die Original Velo-Transporttasche f\u00fcr Rennrad, Mountainbike oder Alltagsrad\",\"publisher\":{\"@id\":\"https:\/\/www.tranzbag.com\/it\/#organization\"},\"potentialAction\":[{\"@type\":\"SearchAction\",\"target\":{\"@type\":\"EntryPoint\",\"urlTemplate\":\"https:\/\/www.tranzbag.com\/it\/?s={search_term_string}\"},\"query-input\":\"required name=search_term_string\"}],\"inLanguage\":\"it-IT\"},{\"@type\":\"Organization\",\"@id\":\"https:\/\/www.tranzbag.com\/it\/#organization\",\"name\":\"TranZbag\",\"url\":\"https:\/\/www.tranzbag.com\/it\/\",\"logo\":{\"@type\":\"ImageObject\",\"inLanguage\":\"it-IT\",\"@id\":\"https:\/\/www.tranzbag.com\/it\/#\/schema\/logo\/image\/\",\"url\":\"https:\/\/www.tranzbag.com\/wp-content\/uploads\/2018\/08\/logo_small.jpg\",\"contentUrl\":\"https:\/\/www.tranzbag.com\/wp-content\/uploads\/2018\/08\/logo_small.jpg\",\"width\":122,\"height\":42,\"caption\":\"TranZbag\"},\"image\":{\"@id\":\"https:\/\/www.tranzbag.com\/it\/#\/schema\/logo\/image\/\"},\"sameAs\":[\"https:\/\/www.facebook.com\/tranzbag\"]}]}<\/script>\n<!-- \/ Yoast SEO Premium plugin. -->","yoast_head_json":{"title":"TranZbag - TranZbag \u00e8 un sistema di trasporto per biciclette","description":"Il nuovo TranZbag Pro \u00e8 piccolo, leggero e facile da utilizzare. Attraverso l'uso di materiali pi\u00f9 leggeri e pi\u00f9 robusti si soddisfano maggiormente le esigenze di trasporto della clientela che utilizza la bicicletta.","robots":{"index":"index","follow":"follow","max-snippet":"max-snippet:-1","max-image-preview":"max-image-preview:large","max-video-preview":"max-video-preview:-1"},"canonical":"https:\/\/www.tranzbag.com\/it\/","og_locale":"it_IT","og_type":"article","og_title":"HOME:","og_description":"Il nuovo TranZbag Pro \u00e8 piccolo, leggero e facile da utilizzare. Attraverso l'uso di materiali pi\u00f9 leggeri e pi\u00f9 robusti si soddisfano maggiormente le esigenze di trasporto della clientela che utilizza la bicicletta.","og_url":"https:\/\/www.tranzbag.com\/it\/","og_site_name":"TranZbag","article_publisher":"https:\/\/www.facebook.com\/tranzbag","article_modified_time":"2019-08-14T08:33:09+00:00","twitter_card":"summary_large_image","schema":{"@context":"https:\/\/schema.org","@graph":[{"@type":"WebPage","@id":"https:\/\/www.tranzbag.com\/it\/","url":"https:\/\/www.tranzbag.com\/it\/","name":"TranZbag - TranZbag \u00e8 un sistema di trasporto per biciclette","isPartOf":{"@id":"https:\/\/www.tranzbag.com\/it\/#website"},"datePublished":"2018-08-16T08:10:23+00:00","dateModified":"2019-08-14T08:33:09+00:00","description":"Il nuovo TranZbag Pro \u00e8 piccolo, leggero e facile da utilizzare. Attraverso l'uso di materiali pi\u00f9 leggeri e pi\u00f9 robusti si soddisfano maggiormente le esigenze di trasporto della clientela che utilizza la bicicletta.","breadcrumb":{"@id":"https:\/\/www.tranzbag.com\/it\/#breadcrumb"},"inLanguage":"it-IT","potentialAction":[{"@type":"ReadAction","target":["https:\/\/www.tranzbag.com\/it\/"]}]},{"@type":"BreadcrumbList","@id":"https:\/\/www.tranzbag.com\/it\/#breadcrumb","itemListElement":[{"@type":"ListItem","position":1,"name":"Startseite","item":"https:\/\/www.tranzbag.com\/it\/"},{"@type":"ListItem","position":2,"name":"HOME:"}]},{"@type":"WebSite","@id":"https:\/\/www.tranzbag.com\/it\/#website","url":"https:\/\/www.tranzbag.com\/it\/","name":"TranZbag","description":"Die Original Velo-Transporttasche f\u00fcr Rennrad, Mountainbike oder Alltagsrad","publisher":{"@id":"https:\/\/www.tranzbag.com\/it\/#organization"},"potentialAction":[{"@type":"SearchAction","target":{"@type":"EntryPoint","urlTemplate":"https:\/\/www.tranzbag.com\/it\/?s={search_term_string}"},"query-input":"required name=search_term_string"}],"inLanguage":"it-IT"},{"@type":"Organization","@id":"https:\/\/www.tranzbag.com\/it\/#organization","name":"TranZbag","url":"https:\/\/www.tranzbag.com\/it\/","logo":{"@type":"ImageObject","inLanguage":"it-IT","@id":"https:\/\/www.tranzbag.com\/it\/#\/schema\/logo\/image\/","url":"https:\/\/www.tranzbag.com\/wp-content\/uploads\/2018\/08\/logo_small.jpg","contentUrl":"https:\/\/www.tranzbag.com\/wp-content\/uploads\/2018\/08\/logo_small.jpg","width":122,"height":42,"caption":"TranZbag"},"image":{"@id":"https:\/\/www.tranzbag.com\/it\/#\/schema\/logo\/image\/"},"sameAs":["https:\/\/www.facebook.com\/tranzbag"]}]}},"_links":{"self":[{"href":"https:\/\/www.tranzbag.com\/it\/wp-json\/wp\/v2\/pages\/355","targetHints":{"allow":["GET"]}}],"collection":[{"href":"https:\/\/www.tranzbag.com\/it\/wp-json\/wp\/v2\/pages"}],"about":[{"href":"https:\/\/www.tranzbag.com\/it\/wp-json\/wp\/v2\/types\/page"}],"author":[{"embeddable":true,"href":"https:\/\/www.tranzbag.com\/it\/wp-json\/wp\/v2\/users\/3"}],"replies":[{"embeddable":true,"href":"https:\/\/www.tranzbag.com\/it\/wp-json\/wp\/v2\/comments?post=355"}],"version-history":[{"count":0,"href":"https:\/\/www.tranzbag.com\/it\/wp-json\/wp\/v2\/pages\/355\/revisions"}],"wp:attachment":[{"href":"https:\/\/www.tranzbag.com\/it\/wp-json\/wp\/v2\/media?parent=355"}],"curies":[{"name":"wp","href":"https:\/\/api.w.org\/{rel}","templated":true}]}}